{"id":10140,"date":"2022-02-13T16:48:27","date_gmt":"2022-02-13T16:48:27","guid":{"rendered":"https:\/\/marijahandmade.com\/product\/yellow-sweater\/"},"modified":"2024-08-21T16:51:22","modified_gmt":"2024-08-21T14:51:22","slug":"yellow-sweater","status":"publish","type":"product","link":"https:\/\/marijahandmade.com\/en\/proizvod\/yellow-sweater\/","title":{"rendered":"YELLOW SOFT sweater"},"content":{"rendered":"<p>\u017duti melirani dzemper MEKO je izradjen od tzv.lambswool vune, koja se dobija \u0161i\u0161anjem jaganjaca i izuzetne je fino\u0107e i meko\u0107e. Radjen je tehnikom \u0161trikanja 1-1 \u0161to zna\u010di 1 \u017eica klot 1 frket i tako naizmeni\u010dno. Izradjujemo ga u 2 varijante, kra\u0107a verzija sa kratkim rukavima i kra\u0107a verzija sa produ\u017eenim rukavima. Oba modela su prikazana na slikama. Komotne je forme i pristaje svakoj gradji i svim generacijama, a nosi se tokom cele godine u svim godi\u0161njim dobima. Ovakav d\u017eemper svi treba da imamo u svojoj omiljenoj boji.<\/p>\n<p>*Ovaj d\u017eemper je deo na\u0161e univerzalne ponude i zbog svega nabrojanog ne podle\u017ee sezonskim-akcijskim ponudama.<\/p>\n","protected":false},"excerpt":{"rendered":"<p>\u017duti melirani dzemper MEKO je izradjen od tzv.lambswool vune, koja se dobija \u0161i\u0161anjem jaganjaca i izuzetne je fino\u0107e i meko\u0107e. Radjen je tehnikom \u0161trikanja 1-1 \u0161to zna\u010di 1 \u017eica klot 1 frket i tako naizmeni\u010dno. Izradjujemo ga u 2 varijante, kra\u0107a verzija sa kratkim rukavima i kra\u0107a verzija sa produ\u017eenim rukavima. Oba modela su prikazana [&hellip;]<\/p>\n","protected":false},"featured_media":10165,"template":"","meta":[],"product_brand":[],"product_cat":[216,244,292,222],"product_tag":[293,295,294],"class_list":{"0":"post-10140","1":"product","2":"type-product","3":"status-publish","4":"has-post-thumbnail","6":"product_cat-new-arrivals-en","7":"product_cat-new-collection","8":"product_cat-soft","9":"product_cat-sweater-en","10":"product_tag-dzemper-en","11":"product_tag-lambswool-en","12":"product_tag-zenski-dzemper-en","14":"first","15":"outofstock","16":"shipping-taxable","17":"purchasable","18":"product-type-simple"},"_links":{"self":[{"href":"https:\/\/marijahandmade.com\/en\/wp-json\/wp\/v2\/product\/10140","targetHints":{"allow":["GET"]}}],"collection":[{"href":"https:\/\/marijahandmade.com\/en\/wp-json\/wp\/v2\/product"}],"about":[{"href":"https:\/\/marijahandmade.com\/en\/wp-json\/wp\/v2\/types\/product"}],"wp:featuredmedia":[{"embeddable":true,"href":"https:\/\/marijahandmade.com\/en\/wp-json\/wp\/v2\/media\/10165"}],"wp:attachment":[{"href":"https:\/\/marijahandmade.com\/en\/wp-json\/wp\/v2\/media?parent=10140"}],"wp:term":[{"taxonomy":"product_brand","embeddable":true,"href":"https:\/\/marijahandmade.com\/en\/wp-json\/wp\/v2\/product_brand?post=10140"},{"taxonomy":"product_cat","embeddable":true,"href":"https:\/\/marijahandmade.com\/en\/wp-json\/wp\/v2\/product_cat?post=10140"},{"taxonomy":"product_tag","embeddable":true,"href":"https:\/\/marijahandmade.com\/en\/wp-json\/wp\/v2\/product_tag?post=10140"}],"curies":[{"name":"wp","href":"https:\/\/api.w.org\/{rel}","templated":true}]}}