{"id":12203,"date":"2023-12-07T16:16:04","date_gmt":"2023-12-07T15:16:04","guid":{"rendered":"https:\/\/marijahandmade.com\/proizvod\/womens-sweater-green\/"},"modified":"2025-01-10T17:00:12","modified_gmt":"2025-01-10T16:00:12","slug":"womens-sweater-green","status":"publish","type":"product","link":"https:\/\/marijahandmade.com\/en\/proizvod\/womens-sweater-green\/","title":{"rendered":"Women&#8217;s sweater green"},"content":{"rendered":"<blockquote><p>Ru\u010dno pleten od meke doma\u0107e vune u sve\u017eoj zelenoj boji. Topao i nosiv u svim sezonama i prilikama. Savr\u0161eno se kombinuje uz sve ostale komade iz kolekcije.<\/p><\/blockquote>\n","protected":false},"excerpt":{"rendered":"<p>Ru\u010dno pleten od meke doma\u0107e vune u sve\u017eoj zelenoj boji. Topao i nosiv u svim sezonama i prilikama. Savr\u0161eno se kombinuje uz sve ostale komade iz kolekcije.<\/p>\n","protected":false},"featured_media":12205,"template":"","meta":[],"product_brand":[],"product_cat":[244,222,325],"product_tag":[],"class_list":{"0":"post-12203","1":"product","2":"type-product","3":"status-publish","4":"has-post-thumbnail","6":"product_cat-new-collection","7":"product_cat-sweater-en","8":"product_cat-two-faces","10":"first","11":"instock","12":"shipping-taxable","13":"purchasable","14":"product-type-simple"},"_links":{"self":[{"href":"https:\/\/marijahandmade.com\/en\/wp-json\/wp\/v2\/product\/12203","targetHints":{"allow":["GET"]}}],"collection":[{"href":"https:\/\/marijahandmade.com\/en\/wp-json\/wp\/v2\/product"}],"about":[{"href":"https:\/\/marijahandmade.com\/en\/wp-json\/wp\/v2\/types\/product"}],"wp:featuredmedia":[{"embeddable":true,"href":"https:\/\/marijahandmade.com\/en\/wp-json\/wp\/v2\/media\/12205"}],"wp:attachment":[{"href":"https:\/\/marijahandmade.com\/en\/wp-json\/wp\/v2\/media?parent=12203"}],"wp:term":[{"taxonomy":"product_brand","embeddable":true,"href":"https:\/\/marijahandmade.com\/en\/wp-json\/wp\/v2\/product_brand?post=12203"},{"taxonomy":"product_cat","embeddable":true,"href":"https:\/\/marijahandmade.com\/en\/wp-json\/wp\/v2\/product_cat?post=12203"},{"taxonomy":"product_tag","embeddable":true,"href":"https:\/\/marijahandmade.com\/en\/wp-json\/wp\/v2\/product_tag?post=12203"}],"curies":[{"name":"wp","href":"https:\/\/api.w.org\/{rel}","templated":true}]}}