{"id":12656,"date":"2024-04-26T11:10:23","date_gmt":"2024-04-26T09:10:23","guid":{"rendered":"https:\/\/marijahandmade.com\/?post_type=product&#038;p=12656"},"modified":"2025-01-10T21:53:13","modified_gmt":"2025-01-10T20:53:13","slug":"a-yellow-button-up-sweater","status":"publish","type":"product","link":"https:\/\/marijahandmade.com\/en\/proizvod\/a-yellow-button-up-sweater\/","title":{"rendered":"A yellow button-up sweater"},"content":{"rendered":"<p><a href=\"https:\/\/marijahandmade.com\/wp-content\/uploads\/2023\/11\/tabela-velicina.png\"><img fetchpriority=\"high\" decoding=\"async\" class=\"alignnone size-medium wp-image-13696\" src=\"https:\/\/marijahandmade.com\/wp-content\/uploads\/2023\/11\/tabela-velicina-300x225.png\" alt=\"tabela velicina\" width=\"300\" height=\"225\" srcset=\"https:\/\/marijahandmade.com\/wp-content\/uploads\/2023\/11\/tabela-velicina-300x225.png 300w, https:\/\/marijahandmade.com\/wp-content\/uploads\/2023\/11\/tabela-velicina-1024x768.png 1024w, https:\/\/marijahandmade.com\/wp-content\/uploads\/2023\/11\/tabela-velicina-150x113.png 150w, https:\/\/marijahandmade.com\/wp-content\/uploads\/2023\/11\/tabela-velicina-768x576.png 768w, https:\/\/marijahandmade.com\/wp-content\/uploads\/2023\/11\/tabela-velicina-1536x1152.png 1536w, https:\/\/marijahandmade.com\/wp-content\/uploads\/2023\/11\/tabela-velicina-2048x1536.png 2048w, https:\/\/marijahandmade.com\/wp-content\/uploads\/2023\/11\/tabela-velicina-750x563.png 750w, https:\/\/marijahandmade.com\/wp-content\/uploads\/2023\/11\/tabela-velicina-120x90.png 120w\" sizes=\"(max-width: 300px) 100vw, 300px\" \/><\/a><\/p>\n<div>Odr\u017eavanje:<\/div>\n<div>Ovaj proizvod zahteva ne\u017enost va\u0161ih ruku prilikom odr\u017eavanja. Visoke temperature i jaki deterd\u017eenti mogu naru\u0161iti delikatnost ovih tkanina.<\/div>\n<div><\/div>\n","protected":false},"excerpt":{"rendered":"<p>A yellow button-up sweater made of the finest thin mohair wool caresses the body and the deep V-neck highlights femininity to the fullest. Puff sleeves give it casualness, spontaneity and movement freedom. It is transparent enough even for warmer days and can be supplemented in the form of an undershirt, shirt or roll top and is wearable in every season. Fastens with unique mother-of-pearl buttons.<br \/>\nWe make it in two sizes, smaller xs-s and larger m-l.<\/p>\n","protected":false},"featured_media":12699,"template":"","meta":[],"product_brand":[],"product_cat":[216,244,222,341],"product_tag":[],"class_list":{"0":"post-12656","1":"product","2":"type-product","3":"status-publish","4":"has-post-thumbnail","6":"product_cat-new-arrivals-en","7":"product_cat-new-collection","8":"product_cat-sweater-en","9":"product_cat-the-views","11":"first","12":"instock","13":"sale","14":"shipping-taxable","15":"purchasable","16":"product-type-variable"},"_links":{"self":[{"href":"https:\/\/marijahandmade.com\/en\/wp-json\/wp\/v2\/product\/12656","targetHints":{"allow":["GET"]}}],"collection":[{"href":"https:\/\/marijahandmade.com\/en\/wp-json\/wp\/v2\/product"}],"about":[{"href":"https:\/\/marijahandmade.com\/en\/wp-json\/wp\/v2\/types\/product"}],"wp:featuredmedia":[{"embeddable":true,"href":"https:\/\/marijahandmade.com\/en\/wp-json\/wp\/v2\/media\/12699"}],"wp:attachment":[{"href":"https:\/\/marijahandmade.com\/en\/wp-json\/wp\/v2\/media?parent=12656"}],"wp:term":[{"taxonomy":"product_brand","embeddable":true,"href":"https:\/\/marijahandmade.com\/en\/wp-json\/wp\/v2\/product_brand?post=12656"},{"taxonomy":"product_cat","embeddable":true,"href":"https:\/\/marijahandmade.com\/en\/wp-json\/wp\/v2\/product_cat?post=12656"},{"taxonomy":"product_tag","embeddable":true,"href":"https:\/\/marijahandmade.com\/en\/wp-json\/wp\/v2\/product_tag?post=12656"}],"curies":[{"name":"wp","href":"https:\/\/api.w.org\/{rel}","templated":true}]}}