{"id":13302,"date":"2024-06-21T17:04:40","date_gmt":"2024-06-21T15:04:40","guid":{"rendered":"https:\/\/marijahandmade.com\/proizvod\/beige-shorts\/"},"modified":"2024-08-21T15:55:27","modified_gmt":"2024-08-21T13:55:27","slug":"beige-shorts","status":"publish","type":"product","link":"https:\/\/marijahandmade.com\/en\/proizvod\/beige-shorts\/","title":{"rendered":"Beige shorts"},"content":{"rendered":"<p><a href=\"https:\/\/marijahandmade.com\/wp-content\/uploads\/2023\/11\/tabela-velicina.png\"><img fetchpriority=\"high\" decoding=\"async\" class=\"alignnone size-medium wp-image-13696\" src=\"https:\/\/marijahandmade.com\/wp-content\/uploads\/2023\/11\/tabela-velicina-300x225.png\" alt=\"tabela velicina\" width=\"300\" height=\"225\" srcset=\"https:\/\/marijahandmade.com\/wp-content\/uploads\/2023\/11\/tabela-velicina-300x225.png 300w, https:\/\/marijahandmade.com\/wp-content\/uploads\/2023\/11\/tabela-velicina-1024x768.png 1024w, https:\/\/marijahandmade.com\/wp-content\/uploads\/2023\/11\/tabela-velicina-150x113.png 150w, https:\/\/marijahandmade.com\/wp-content\/uploads\/2023\/11\/tabela-velicina-768x576.png 768w, https:\/\/marijahandmade.com\/wp-content\/uploads\/2023\/11\/tabela-velicina-1536x1152.png 1536w, https:\/\/marijahandmade.com\/wp-content\/uploads\/2023\/11\/tabela-velicina-2048x1536.png 2048w, https:\/\/marijahandmade.com\/wp-content\/uploads\/2023\/11\/tabela-velicina-750x563.png 750w, https:\/\/marijahandmade.com\/wp-content\/uploads\/2023\/11\/tabela-velicina-120x90.png 120w\" sizes=\"(max-width: 300px) 100vw, 300px\" \/><\/a><\/p>\n<div>Odr\u017eavanje:<\/div>\n<div>Ovaj proizvod zahteva ne\u017enost va\u0161ih ruku prilikom odr\u017eavanja. Visoke temperature i jaki deterd\u017eenti mogu naru\u0161iti delikatnost ovih tkanina.<\/div>\n","protected":false},"excerpt":{"rendered":"<p>Beige shorts is made out of raw cotton in a natural beige shade.<br \/>\nElastic band and a flounce at the waist gives to this model a romantic note, but the pockets on the sides and the up to mid-thigh length gives it a touch of sporty elegance, so this model can be worn on a variety of occasions by warm spring and summer days.<\/p>\n<p>It is available in 3 sizes, S, M and L<\/p>\n<p><a href=\"https:\/\/www.instagram.com\/marijahandmade\/reel\/C8DHPlvMasl\/\" target=\"_blank\" rel=\"noopener\">Instagram video<\/a><\/p>\n","protected":false},"featured_media":13145,"template":"","meta":[],"product_brand":[],"product_cat":[216,244,217,341],"product_tag":[],"class_list":{"0":"post-13302","1":"product","2":"type-product","3":"status-publish","4":"has-post-thumbnail","6":"product_cat-new-arrivals-en","7":"product_cat-new-collection","8":"product_cat-pants-en","9":"product_cat-the-views","11":"first","12":"instock","13":"shipping-taxable","14":"purchasable","15":"product-type-variable"},"_links":{"self":[{"href":"https:\/\/marijahandmade.com\/en\/wp-json\/wp\/v2\/product\/13302","targetHints":{"allow":["GET"]}}],"collection":[{"href":"https:\/\/marijahandmade.com\/en\/wp-json\/wp\/v2\/product"}],"about":[{"href":"https:\/\/marijahandmade.com\/en\/wp-json\/wp\/v2\/types\/product"}],"wp:featuredmedia":[{"embeddable":true,"href":"https:\/\/marijahandmade.com\/en\/wp-json\/wp\/v2\/media\/13145"}],"wp:attachment":[{"href":"https:\/\/marijahandmade.com\/en\/wp-json\/wp\/v2\/media?parent=13302"}],"wp:term":[{"taxonomy":"product_brand","embeddable":true,"href":"https:\/\/marijahandmade.com\/en\/wp-json\/wp\/v2\/product_brand?post=13302"},{"taxonomy":"product_cat","embeddable":true,"href":"https:\/\/marijahandmade.com\/en\/wp-json\/wp\/v2\/product_cat?post=13302"},{"taxonomy":"product_tag","embeddable":true,"href":"https:\/\/marijahandmade.com\/en\/wp-json\/wp\/v2\/product_tag?post=13302"}],"curies":[{"name":"wp","href":"https:\/\/api.w.org\/{rel}","templated":true}]}}