{"id":7758,"date":"2020-07-15T08:51:14","date_gmt":"2020-07-15T08:51:14","guid":{"rendered":"http:\/\/marijahandmade.com\/product\/curtain-2\/"},"modified":"2024-07-22T16:02:35","modified_gmt":"2024-07-22T14:02:35","slug":"curtain-2","status":"publish","type":"product","link":"https:\/\/marijahandmade.com\/en\/proizvod\/curtain-2\/","title":{"rendered":"Curtain 2"},"content":{"rendered":"<p style=\"text-align: right;\">Sve ve\u0107a potreba i \u017eelja da se izgled Va\u0161eg doma izdvoji iz mase drugih i oplemeni originalnim detaljima, navela nas je da osmislimo unikatne, ru\u010dno tkane zavese samo za Vas. U ponudi imamo modele zavesa sa klasi\u010dnim a\u017eurom koji su u ru\u010dnom radu koristile na\u0161e bake, do stilizovanih retkih tkanja, sa velikim plota\u017eama kako bismo obezbedili njihovu ve\u0107u transparentnost. Tkamo ih na horizontalnim razbojima od veoma uskih traka do maksimalne \u0161irine od 1,40m u jednooj struci, ili do \u017eeljene \u0161irine koju dobijamo spajanjem vi\u0161e struka, sve u \u017eeljenoj visini. Zavese mo\u017eete odli\u010dno kominovati sa unikatnim dekorativnim jastucima ili stolnjacima koje \u0107emo po specijalnoj \u017eelji izraditi za vas. Cena ovog modela je 8000 din.<br \/>\nDimenzije izlo\u017eenog eksponata su 0.75\u00d72.10<\/p>\n","protected":false},"excerpt":{"rendered":"<p>Sve ve\u0107a potreba i \u017eelja da se izgled Va\u0161eg doma izdvoji iz mase drugih i oplemeni originalnim detaljima, navela nas je da osmislimo unikatne, ru\u010dno tkane zavese samo za Vas. U ponudi imamo modele zavesa sa klasi\u010dnim a\u017eurom koji su u ru\u010dnom radu koristile na\u0161e bake, do stilizovanih retkih tkanja, sa velikim plota\u017eama kako bismo [&hellip;]<\/p>\n","protected":false},"featured_media":7609,"template":"","meta":[],"product_brand":[],"product_cat":[214],"product_tag":[],"class_list":{"0":"post-7758","1":"product","2":"type-product","3":"status-publish","4":"has-post-thumbnail","6":"product_cat-curtains-en","8":"first","9":"instock","10":"shipping-taxable","11":"purchasable","12":"product-type-simple"},"_links":{"self":[{"href":"https:\/\/marijahandmade.com\/en\/wp-json\/wp\/v2\/product\/7758","targetHints":{"allow":["GET"]}}],"collection":[{"href":"https:\/\/marijahandmade.com\/en\/wp-json\/wp\/v2\/product"}],"about":[{"href":"https:\/\/marijahandmade.com\/en\/wp-json\/wp\/v2\/types\/product"}],"wp:featuredmedia":[{"embeddable":true,"href":"https:\/\/marijahandmade.com\/en\/wp-json\/wp\/v2\/media\/7609"}],"wp:attachment":[{"href":"https:\/\/marijahandmade.com\/en\/wp-json\/wp\/v2\/media?parent=7758"}],"wp:term":[{"taxonomy":"product_brand","embeddable":true,"href":"https:\/\/marijahandmade.com\/en\/wp-json\/wp\/v2\/product_brand?post=7758"},{"taxonomy":"product_cat","embeddable":true,"href":"https:\/\/marijahandmade.com\/en\/wp-json\/wp\/v2\/product_cat?post=7758"},{"taxonomy":"product_tag","embeddable":true,"href":"https:\/\/marijahandmade.com\/en\/wp-json\/wp\/v2\/product_tag?post=7758"}],"curies":[{"name":"wp","href":"https:\/\/api.w.org\/{rel}","templated":true}]}}